{"id":493,"date":"2018-10-15T20:43:14","date_gmt":"2018-10-15T20:43:14","guid":{"rendered":"http:\/\/wordpress-89239-751427.cloudwaysapps.com\/?page_id=493"},"modified":"2024-08-19T12:33:55","modified_gmt":"2024-08-19T12:33:55","slug":"homepage-2","status":"publish","type":"page","link":"https:\/\/castrosinn.com\/pt\/","title":{"rendered":"Homepage"},"content":{"rendered":"<p>[vc_row][vc_column]<div style=\"clear:both; width:100%; height:50px\"><\/div>\t\t<div class=\"homey-module module-title section-title-module text-center \">\r\n\t\t\t<h2 >Alojamentos em destaque<\/h2>\r\n\r\n\t\t\t<p style=\"font-size: 15px; \" class=\"sub-heading\"><\/p>\r\n\t\t<\/div>\r\n\t\t<div style=\"clear:both; width:100%; height:30px\"><\/div>\r\n\t\t<div class=\"module-wrap property-module-grid listing-carousel-next-prev-HENt1 property-module-grid-slider property-module-grid-slider-3cols\">\r\n\t\t\t<div class=\"listing-wrap item-grid-view\">\r\n\t\t\t\t<div class=\"row\">\r\n\t\t\t\t\t<div id=\"homey-listing-carousel-HENt1\" data-token=\"HENt1\" class=\"homey-carousel homey-carouse-elementor item-grid-slider-view item-grid-slider-view-3cols\">\r\n\t\t\t\t\t\t<div class=\"item-wrap infobox_trigger homey-matchHeight\"  data-id=\"2697\">\n    <div class=\"media property-item\">\n        <div class=\"media-left\">\n            <div class=\"item-media item-media-thumb\">\n                \n                \n                <a class=\"hover-effect\" href=\"https:\/\/castrosinn.com\/pt\/listing\/castros-inn-moncao\/\">\n                <img loading=\"lazy\" decoding=\"async\" width=\"450\" height=\"300\" src=\"https:\/\/castrosinn.com\/wp-content\/uploads\/2024\/08\/c703bff7ddbe-450x300.jpg\" class=\"img-responsive wp-post-image\" alt=\"67736\" srcset=\"https:\/\/castrosinn.com\/wp-content\/uploads\/2024\/08\/c703bff7ddbe-450x300.jpg 450w, https:\/\/castrosinn.com\/wp-content\/uploads\/2024\/08\/c703bff7ddbe-300x200.jpg 300w, https:\/\/castrosinn.com\/wp-content\/uploads\/2024\/08\/c703bff7ddbe-1024x684.jpg 1024w, https:\/\/castrosinn.com\/wp-content\/uploads\/2024\/08\/c703bff7ddbe-768x513.jpg 768w, https:\/\/castrosinn.com\/wp-content\/uploads\/2024\/08\/c703bff7ddbe-1536x1025.jpg 1536w, https:\/\/castrosinn.com\/wp-content\/uploads\/2024\/08\/c703bff7ddbe-2048x1367.jpg 2048w, https:\/\/castrosinn.com\/wp-content\/uploads\/2024\/08\/c703bff7ddbe-1140x760.jpg 1140w, https:\/\/castrosinn.com\/wp-content\/uploads\/2024\/08\/c703bff7ddbe-120x80.jpg 120w, https:\/\/castrosinn.com\/wp-content\/uploads\/2024\/08\/c703bff7ddbe-749x500.jpg 749w\" sizes=\"(max-width: 450px) 100vw, 450px\" \/>                <\/a>\n\n                \n                                <div class=\"item-user-image\">\n                    <img loading=\"lazy\" decoding=\"async\" src=\"https:\/\/castrosinn.com\/wp-content\/themes\/homey\/images\/avatar.png\" class=\"img-responsive img-circle\" alt=\"ynnovadmin\" width=\"36\" height=\"36\">                <\/div>\n                            <\/div>\n        <\/div>\n        <div class=\"media-body item-body clearfix\">\n            <div class=\"item-title-head table-block\">\n                <div class=\"title-head-left\">\n                    <h2 class=\"title\"><a href=\"https:\/\/castrosinn.com\/pt\/listing\/castros-inn-moncao\/\">\n                    Castro&#8217;s Inn Mon\u00e7\u00e3o<\/a><\/h2>\n                                    <\/div>\n            <\/div>\n\n                        <ul class=\"item-amenities\">\n                \n                \n                \n                \n                                <li class=\"item-type\">\n                    <span class=\"carousel-item-tipology\">Tipologia:<\/span>\n                    Casa<\/li>\n                            <\/ul>\n            \n                        <div class=\"item-user-image list-item-hidden\">\n                    <img loading=\"lazy\" decoding=\"async\" src=\"https:\/\/castrosinn.com\/wp-content\/themes\/homey\/images\/avatar.png\" class=\"img-responsive img-circle\" alt=\"ynnovadmin\" width=\"36\" height=\"36\">                    <span class=\"item-user-info\">Hosted by<br>\n                    ynnovadmin<\/span>\n            <\/div>\n            \n            <div class=\"item-footer\">\n\n                                <div class=\"footer-right\">\n                    <div class=\"item-tools\">\n                        <div class=\"btn-group dropup\">\n                            <button class=\"btn-item-tools dropdown-toggle\" type=\"button\" data-toggle=\"dropdown\" aria-haspopup=\"true\" aria-expanded=\"false\"><i class=\"fa fa-ellipsis-v\" aria-hidden=\"true\"><\/i><\/button>\n<ul class=\"dropdown-menu\">\n    <li>\n    \t<a class=\"homey_compare compare-2697\" href=\"\" data-listing_id=\"2697\">Compare<\/a>\n    <\/li>\n    <li>\n    \t<a href=\"\" class=\"add_fav\" data-listid=\"2697\">\n    \t\tAdd to Favorite    \t<\/a>\n    <\/li>\n<\/ul>                        <\/div>\n                    <\/div>\n                <\/div>\n                \n                \n            <\/div>\n        <\/div>\n    <\/div>\n<\/div><!-- .item-wrap -->\t\t\t\t\t<\/div>\r\n\t\t\t\t<\/div>\r\n\t\t\t<\/div><!-- grid-listing-page -->\r\n\t\t<\/div>\r\n\t\t\r\n\t\t<div style=\"clear:both; width:100%; height:30px\"><\/div>[\/vc_column][\/vc_row][vc_row][vc_column][vc_empty_space height=&#8221;&#8221;]\t\t<div class=\"homey-module module-title section-title-module text-center \">\r\n\t\t\t<h2 >Bem-vindos ao Castro\u2019s Inn!<\/h2>\r\n\r\n\t\t\t<p  class=\"sub-heading\"><\/p>\r\n\t\t<\/div>\r\n\t\t[vc_row_inner equal_height=&#8221;yes&#8221;][vc_column_inner width=&#8221;1\/2&#8243;][vc_column_text css_animation=&#8221;bounceInLeft&#8221;]<\/p>\n<p style=\"font-size: 15px; text-align: justify;\"><span dir=\"ltr\" role=\"presentation\">Bem-vindo ao Castro&#8217;s Inn, um neg\u00f3cio familiar onde o conforto e um ambiente <\/span><span dir=\"ltr\" role=\"presentation\">acolhedor se unem. Oferecemos alojamentos espa\u00e7osos, projetados para grupos <\/span><span dir=\"ltr\" role=\"presentation\">maiores, proporcionando o cen\u00e1rio perfeito para que todos fiquem juntos sob o <\/span><span dir=\"ltr\" role=\"presentation\">mesmo teto. Orgulhamo-nos da nossa aten\u00e7\u00e3o ao detalhe e ao minimalismo, <\/span><span dir=\"ltr\" role=\"presentation\">oferecendo uma estadia de qualidade a um pre\u00e7o acess\u00edvel. A nossa abordagem <\/span><span dir=\"ltr\" role=\"presentation\">inclusiva acolhe h\u00f3spedes de todos os perfis, tratando cada um como parte da <\/span><span dir=\"ltr\" role=\"presentation\">nossa fam\u00edlia. No Castro&#8217;s Inn, o cliente n\u00e3o \u00e9 apenas um h\u00f3spede, faz parte da <\/span><span dir=\"ltr\" role=\"presentation\">nossa hist\u00f3ria.<\/span><\/p>\n<p>[\/vc_column_text][\/vc_column_inner][vc_column_inner width=&#8221;1\/2&#8243;][vc_single_image image=&#8221;2770&#8243; img_size=&#8221;full&#8221;][\/vc_column_inner][\/vc_row_inner][vc_empty_space height=&#8221;50px&#8221;][\/vc_column][\/vc_row][vc_row full_width=&#8221;stretch_row&#8221; disable_element=&#8221;yes&#8221; css=&#8221;.vc_custom_1723631604704{background-color: #f1f2f3 !important;}&#8221;][vc_column css_animation=&#8221;bounceInUp&#8221; css=&#8221;.vc_custom_1613674775311{background-color: #f9f9f9 !important;}&#8221;]<div style=\"clear:both; width:100%; height:50px\"><\/div>\t\t<div class=\"homey-module module-title section-title-module text-center \">\r\n\t\t\t<h2 >Escolha o seu destino ou a tipologia pretendida<\/h2>\r\n\r\n\t\t\t<p  class=\"sub-heading\"><\/p>\r\n\t\t<\/div>\r\n\t\t<div style=\"clear:both; width:100%; height:30px\"><\/div>\r\n\t\t<div class=\"module-wrap taxonomy-grid taxonomy-grid-1\">\r\n\t\t\t<div class=\"row\">\r\n\t\t\t\t\r\n\t\t\t\t\t<div class=\"col-lg-6 col-md-6 col-sm-6 col-xs-12\">\r\n\t\t\t\t\t\t<div class=\"taxonomy-item taxonomy-card\">\r\n\t\t\t\t\t\t\t<a class=\"taxonomy-link hover-effect\" href=\"\/search-results\/?listing_type=house\">\r\n\t\t\t\t\t\t\t\t<div class=\"taxonomy-title\">Casa<\/div>\r\n\t\t\t\t\t\t\t\t<img loading=\"lazy\" decoding=\"async\" class=\"img-responsive\" src=\"https:\/\/placehold.it\/555x360\" width=\"555\" height=\"360\" alt=\"listing_type\">\r\n\t\t\t\t\t\t\t<\/a>\r\n\t\t\t\t\t\t<\/div>\r\n\t\t\t\t\t<\/div>\r\n\r\n\t\t\t\t\t\t\t\t\t\r\n\t\t\t<\/div>\r\n\t\t<\/div>\r\n\t\t\r\n\t\t[vc_btn title=&#8221;Conhe\u00e7a todos os nossos alojamentos&#8221; color=&#8221;inverse&#8221; size=&#8221;sm&#8221; align=&#8221;center&#8221; button_block=&#8221;true&#8221; el_class=&#8221;.btn&#8221; css=&#8221;.vc_custom_1613674710212{margin-top: -30px !important;}&#8221; link=&#8221;url:https%3A%2F%2Fynnovation.net%2Fys-yb-web2%2Fhalf-map%2F|title:Half%20Map&#8221;]<div style=\"clear:both; width:100%; height:80px\"><\/div>[\/vc_column][\/vc_row][vc_row][vc_column]\t\t<div class=\"homey-module module-title section-title-module text-center homey-section-title-light\">\r\n\t\t\t<h2 >Campanhas Promocionais<\/h2>\r\n\r\n\t\t\t<p style=\"font-size: 15px; \" class=\"sub-heading\">Reserve diretamente connosco e usufrua de condi\u00e7\u00f5es mais vantajosas! Temos campanhas em vigor que oferecem descontos consoante a dura\u00e7\u00e3o da estadia.<\/p>\r\n\t\t<\/div>\r\n\t\t[vc_row_inner equal_height=&#8221;yes&#8221;][vc_column_inner el_class=&#8221;promo-ynnov&#8221; width=&#8221;1\/2&#8243;]\t\t<div class=\"item-promo\">\r\n\t\t\t<div class=\"media\">\r\n\t\t\t\t\t\t\t\t<div class=\"item-promo-image\">\r\n\t\t\t\t\t<div class=\"item-media item-media-thumb\">\r\n\t\t\t\t\t\t<a href=\"https:\/\/web.ynnovbooking.com\/?l=en&#038;apikey=ojZ1ar47nhC8fRFlanKoGIttse3d2jIa\">\r\n\t\t\t\t\t\t\t<img loading=\"lazy\" decoding=\"async\" width=\"1\" height=\"1\" src=\"https:\/\/castrosinn.com\/wp-content\/uploads\/2021\/02\/icon_tags.svg\" class=\"img-responsive\" alt=\"\" \/>\t\t\t\t\t\t<\/a>\r\n\t\t\t\t\t<\/div>\r\n\t\t\t\t<\/div>\r\n\t\t\t\t\t\t\t\t<div class=\"media-body item-body\">\r\n\t\t\t\t\t<div class=\"item-title-head\">\r\n\t\t\t\t\t\t<div class=\"text-left\">\r\n\t\t\t\t\t\t\t<h2 class=\"title\">\r\n\t\t\t\t\t\t\t\t<a href=\"https:\/\/web.ynnovbooking.com\/?l=en&#038;apikey=ojZ1ar47nhC8fRFlanKoGIttse3d2jIa\">Estadia Semanal<\/a>\r\n\t\t\t\t\t\t\t<\/h2>\r\n\t\t\t\t\t\t\t<\/p>\n<div data-pm-slice=\"1 1 []\" data-en-clipboard=\"true\">Em estadias que contemplam um m\u00ednimo de 7 noites usufrua de 5% de desconto no total da estadia.<\/div>\n<p>\t\t\t\t\t\t<\/div>\r\n\t\t\t\t\t<\/div>\r\n\t\t\t\t\t\t\t\t\t\t<div class=\"item-promo-footer\">\r\n\t\t\t\t\t\t<a href=\"https:\/\/web.ynnovbooking.com\/?l=en&#038;apikey=ojZ1ar47nhC8fRFlanKoGIttse3d2jIa\">Reservar<\/a>\r\n\t\t\t\t\t<\/div>\r\n\t\t\t\t\t\t\t\t\t<\/div>\r\n\t\t\t<\/div>\r\n\t\t<\/div>\r\n\r\n\t\t[\/vc_column_inner][vc_column_inner el_class=&#8221;promo-ynnov&#8221; width=&#8221;1\/2&#8243;]\t\t<div class=\"item-promo\">\r\n\t\t\t<div class=\"media\">\r\n\t\t\t\t\t\t\t\t<div class=\"item-promo-image\">\r\n\t\t\t\t\t<div class=\"item-media item-media-thumb\">\r\n\t\t\t\t\t\t<a href=\"https:\/\/web.ynnovbooking.com\/?l=en&#038;apikey=ojZ1ar47nhC8fRFlanKoGIttse3d2jIa\">\r\n\t\t\t\t\t\t\t<img loading=\"lazy\" decoding=\"async\" width=\"1\" height=\"1\" src=\"https:\/\/castrosinn.com\/wp-content\/uploads\/2021\/02\/icon_tags.svg\" class=\"img-responsive\" alt=\"\" \/>\t\t\t\t\t\t<\/a>\r\n\t\t\t\t\t<\/div>\r\n\t\t\t\t<\/div>\r\n\t\t\t\t\t\t\t\t<div class=\"media-body item-body\">\r\n\t\t\t\t\t<div class=\"item-title-head\">\r\n\t\t\t\t\t\t<div class=\"text-left\">\r\n\t\t\t\t\t\t\t<h2 class=\"title\">\r\n\t\t\t\t\t\t\t\t<a href=\"https:\/\/web.ynnovbooking.com\/?l=en&#038;apikey=ojZ1ar47nhC8fRFlanKoGIttse3d2jIa\">Estadia Mensal<\/a>\r\n\t\t\t\t\t\t\t<\/h2>\r\n\t\t\t\t\t\t\t<\/p>\n<div data-pm-slice=\"1 1 []\" data-en-clipboard=\"true\">Em estadias que contemplam um m\u00ednimo de 28 noites usufrua de 10% de desconto no total da estadia.<\/div>\n<p>\t\t\t\t\t\t<\/div>\r\n\t\t\t\t\t<\/div>\r\n\t\t\t\t\t\t\t\t\t\t<div class=\"item-promo-footer\">\r\n\t\t\t\t\t\t<a href=\"https:\/\/web.ynnovbooking.com\/?l=en&#038;apikey=ojZ1ar47nhC8fRFlanKoGIttse3d2jIa\">Reservar<\/a>\r\n\t\t\t\t\t<\/div>\r\n\t\t\t\t\t\t\t\t\t<\/div>\r\n\t\t\t<\/div>\r\n\t\t<\/div>\r\n\r\n\t\t[\/vc_column_inner][\/vc_row_inner][vc_empty_space height=&#8221;50px&#8221;][\/vc_column][\/vc_row][vc_row full_width=&#8221;stretch_row&#8221; disable_element=&#8221;yes&#8221; css=&#8221;.vc_custom_1723632342203{background-color: #ffffff !important;}&#8221;][vc_column]<div style=\"clear:both; width:100%; height:50px\"><\/div>\t\t<div class=\"homey-module module-title section-title-module text-center \">\r\n\t\t\t<h2 >O Que dizem os nossos h\u00f3spedes<\/h2>\r\n\r\n\t\t\t<p style=\"font-size: 15px; \" class=\"sub-heading\">A nossa melhor recompensa \u00e9 a satisfa\u00e7\u00e3o dos nossos h\u00f3spedes<\/p>\r\n\t\t<\/div>\r\n\t\t<div style=\"clear:both; width:100%; height:30px\"><\/div>\n        <!--start testimonials module-->\n        \n                        <script>\n                jQuery(document).ready(function ($) {\n\n                    $('.testimonials-slider').slick({\n                        rtl: false,\n                        lazyLoad: 'ondemand',\n                        infinite: true,\n                        speed: 300,\n                        slidesToShow: 4,\n                        arrows: true,\n                        adaptiveHeight: true,\n                        dots: true,\n                        appendArrows: '.testimonials-module-slider',\n                        prevArrow: '<button type=\"button\" class=\"slick-prev\">Anterior<\/button>',\n                        nextArrow: '<button type=\"button\" class=\"slick-next\">Seguinte<\/button>',\n                        responsive: [\n                        {\n                            breakpoint: 992,\n                            settings: {\n                                slidesToShow: 2,\n                                slidesToScroll: 2\n                            }\n                        },\n                        {\n                            breakpoint: 769,\n                            settings: {\n                                slidesToShow: 1,\n                                slidesToScroll: 1\n                            }\n                        }]\n                    });\n\n                });\n            <\/script>\n\n            <div class=\"module-wrap testimonials-module testimonials-module-slider\">\n                <div class=\"testimonials-slider-wrap\">\n                    <div class=\"row\">\n                        <div class=\"testimonials-slider\">\n                            <div class=\"testimonial-item text-center\"><p class=\"description\">Lorem ipsum dolor sit amet, consectetur adipiscing elit. Integer eu mollis eros. Lorem ipsum dolor sit amet, consectetur adipiscing elit. Integer eu mollis eros.\r\nLorem ipsum dolor sit amet, consectetur adipiscing elit. Integer eu mollis eros.<\/p><div class=\"testimonial-thumb\"><img loading=\"lazy\" decoding=\"async\" width=\"120\" height=\"120\" src=\"https:\/\/castrosinn.com\/wp-content\/uploads\/2021\/02\/17dcf4ba715b51b8c23baeb707c38ad7-150x150.png\" class=\"img-circle img-responsive\" alt=\"\" srcset=\"https:\/\/castrosinn.com\/wp-content\/uploads\/2021\/02\/17dcf4ba715b51b8c23baeb707c38ad7-150x150.png 150w, https:\/\/castrosinn.com\/wp-content\/uploads\/2021\/02\/17dcf4ba715b51b8c23baeb707c38ad7-300x300.png 300w, https:\/\/castrosinn.com\/wp-content\/uploads\/2021\/02\/17dcf4ba715b51b8c23baeb707c38ad7-250x250.png 250w, https:\/\/castrosinn.com\/wp-content\/uploads\/2021\/02\/17dcf4ba715b51b8c23baeb707c38ad7.png 768w, https:\/\/castrosinn.com\/wp-content\/uploads\/2021\/02\/17dcf4ba715b51b8c23baeb707c38ad7-500x500.png 500w, https:\/\/castrosinn.com\/wp-content\/uploads\/2021\/02\/17dcf4ba715b51b8c23baeb707c38ad7-360x360.png 360w\" sizes=\"(max-width: 120px) 100vw, 120px\" \/><\/div><p class=\"auther-info\"><strong>Ricardo Santos<\/strong><br><em>Brasil, Booking<\/em><\/p><\/div><div class=\"testimonial-item text-center\"><p class=\"description\">Lorem ipsum dolor sit amet, consectetur adipiscing elit. Integer eu mollis eros. Lorem ipsum dolor sit amet, consectetur adipiscing elit. Integer eu mollis eros.<\/p><div class=\"testimonial-thumb\"><img loading=\"lazy\" decoding=\"async\" width=\"117\" height=\"120\" src=\"https:\/\/castrosinn.com\/wp-content\/uploads\/2021\/02\/download-146x150.png\" class=\"img-circle img-responsive\" alt=\"\" \/><\/div><p class=\"auther-info\"><strong>Mariana Antunes <\/strong><br><em>Portugal, Airbnb<\/em><\/p><\/div><div class=\"testimonial-item text-center\"><p class=\"description\">Lorem ipsum dolor sit amet, consectetur adipiscing elit. Integer eu mollis eros. Lorem ipsum dolor sit amet, consectetur adipiscing elit. Integer eu mollis eros.\r\nLorem ipsum dolor sit amet, consectetur adipiscing elit. Integer eu mollis eros.<\/p><div class=\"testimonial-thumb\"><img loading=\"lazy\" decoding=\"async\" width=\"120\" height=\"120\" src=\"https:\/\/castrosinn.com\/wp-content\/uploads\/2021\/02\/expedia-150x150.png\" class=\"img-circle img-responsive\" alt=\"\" srcset=\"https:\/\/castrosinn.com\/wp-content\/uploads\/2021\/02\/expedia-150x150.png 150w, https:\/\/castrosinn.com\/wp-content\/uploads\/2021\/02\/expedia-300x300.png 300w, https:\/\/castrosinn.com\/wp-content\/uploads\/2021\/02\/expedia-768x768.png 768w, https:\/\/castrosinn.com\/wp-content\/uploads\/2021\/02\/expedia-250x250.png 250w, https:\/\/castrosinn.com\/wp-content\/uploads\/2021\/02\/expedia-500x500.png 500w, https:\/\/castrosinn.com\/wp-content\/uploads\/2021\/02\/expedia-360x360.png 360w, https:\/\/castrosinn.com\/wp-content\/uploads\/2021\/02\/expedia.png 920w\" sizes=\"(max-width: 120px) 100vw, 120px\" \/><\/div><p class=\"auther-info\"><strong>Michelle Wright<\/strong><br><em>Irlanda, Expedia<\/em><\/p><\/div><div class=\"testimonial-item text-center\"><p class=\"description\">Lorem ipsum dolor sit amet, consectetur adipiscing elit. Integer eu mollis eros. Lorem ipsum dolor sit amet, consectetur adipiscing elit. Integer eu mollis eros.\r\nLorem ipsum dolor sit amet, consectetur adipiscing elit. Integer eu mollis eros.<\/p><div class=\"testimonial-thumb\"><img loading=\"lazy\" decoding=\"async\" width=\"117\" height=\"120\" src=\"https:\/\/castrosinn.com\/wp-content\/uploads\/2021\/02\/download-146x150.png\" class=\"img-circle img-responsive\" alt=\"\" \/><\/div><p class=\"auther-info\"><strong>Anna Andrews<\/strong><br><em>Estados Unidos, Airbnb<\/em><\/p><\/div><div class=\"testimonial-item text-center\"><p class=\"description\">Lorem ipsum dolor sit amet, consectetur adipiscing elit. Integer eu mollis eros. Lorem ipsum dolor sit amet, consectetur adipiscing elit. Integer eu mollis eros.<\/p><div class=\"testimonial-thumb\"><img loading=\"lazy\" decoding=\"async\" width=\"117\" height=\"120\" src=\"https:\/\/castrosinn.com\/wp-content\/uploads\/2021\/02\/download-146x150.png\" class=\"img-circle img-responsive\" alt=\"\" \/><\/div><p class=\"auther-info\"><strong>Diana Gomes<\/strong><br><em>Portugal, Airbnb<\/em><\/p><\/div><div class=\"testimonial-item text-center\"><p class=\"description\">Lorem ipsum dolor sit amet, adipiscing elit. Proin facilisis neque. Integer eu mollis. <\/p><div class=\"testimonial-thumb\"><img loading=\"lazy\" decoding=\"async\" width=\"120\" height=\"120\" src=\"https:\/\/castrosinn.com\/wp-content\/uploads\/2021\/02\/17dcf4ba715b51b8c23baeb707c38ad7-150x150.png\" class=\"img-circle img-responsive\" alt=\"\" srcset=\"https:\/\/castrosinn.com\/wp-content\/uploads\/2021\/02\/17dcf4ba715b51b8c23baeb707c38ad7-150x150.png 150w, https:\/\/castrosinn.com\/wp-content\/uploads\/2021\/02\/17dcf4ba715b51b8c23baeb707c38ad7-300x300.png 300w, https:\/\/castrosinn.com\/wp-content\/uploads\/2021\/02\/17dcf4ba715b51b8c23baeb707c38ad7-250x250.png 250w, https:\/\/castrosinn.com\/wp-content\/uploads\/2021\/02\/17dcf4ba715b51b8c23baeb707c38ad7.png 768w, https:\/\/castrosinn.com\/wp-content\/uploads\/2021\/02\/17dcf4ba715b51b8c23baeb707c38ad7-500x500.png 500w, https:\/\/castrosinn.com\/wp-content\/uploads\/2021\/02\/17dcf4ba715b51b8c23baeb707c38ad7-360x360.png 360w\" sizes=\"(max-width: 120px) 100vw, 120px\" \/><\/div><p class=\"auther-info\"><strong>Harold Warren<\/strong><br><em>Australia, Booking<\/em><\/p><\/div><div class=\"testimonial-item text-center\"><p class=\"description\">Lorem ipsum dolor sit amet, consectetur adipiscing elit. Integer eu mollis eros. Lorem ipsum dolor sit amet, consectetur adipiscing elit. Integer eu mollis eros.\r\nLorem ipsum dolor sit amet, consectetur adipiscing elit. Integer eu mollis eros.<\/p><div class=\"testimonial-thumb\"><img loading=\"lazy\" decoding=\"async\" width=\"117\" height=\"120\" src=\"https:\/\/castrosinn.com\/wp-content\/uploads\/2021\/02\/download-146x150.png\" class=\"img-circle img-responsive\" alt=\"\" \/><\/div><p class=\"auther-info\"><strong>Georgiana Kasparov<\/strong><br><em>R\u00fassia, Airbnb<\/em><\/p><\/div>                        <\/div>\n                    <\/div>\n                <\/div>\n            <\/div>\n\n                <!--end post testimonials module-->\n\n\n        [\/vc_column][\/vc_row][vc_row full_width=&#8221;stretch_row_content_no_spaces&#8221;][vc_column][vc_gmaps link=&#8221;#E-8_JTNDaWZyYW1lJTIwc3JjJTNEJTIyaHR0cHMlM0ElMkYlMkZ3d3cuZ29vZ2xlLmNvbSUyRm1hcHMlMkZlbWJlZCUzRnBiJTNEJTIxMW0xOCUyMTFtMTIlMjExbTMlMjExZDI5NjEuMzQwMDUxMTkzNzM0JTIxMmQtOC40ODgyMDY3MDk4OTY2ODclMjEzZDQyLjA3ODc2MzE3ODYzMDk5JTIxMm0zJTIxMWYwJTIxMmYwJTIxM2YwJTIxM20yJTIxMWkxMDI0JTIxMmk3NjglMjE0ZjEzLjElMjEzbTMlMjExbTIlMjExczB4ZDI1NzdmZmMwMTNhZDk1JTI1M0EweDQzYTdhZWVjMTFkOGM5ZGMlMjEyc1IuJTI1MjBEci4lMjUyMCUyNUMzJTI1ODFsdmFyZXMlMjUyMGRhJTI1MjBHdWVycmElMjUyQyUyNTIwNDk1MC01MDglMjUyME1vbiUyNUMzJTI1QTclMjVDMyUyNUEzbyUyMTVlMCUyMTNtMiUyMTFzcHQtUFQlMjEyc3B0JTIxNHYxNzIzNjM0MTg0OTMzJTIxNW0yJTIxMXNwdC1QVCUyMTJzcHQlMjIlMjB3aWR0aCUzRCUyMjYwMCUyMiUyMGhlaWdodCUzRCUyMjQ1MCUyMiUyMHN0eWxlJTNEJTIyYm9yZGVyJTNBMCUzQiUyMiUyMGFsbG93ZnVsbHNjcmVlbiUzRCUyMiUyMiUyMGxvYWRpbmclM0QlMjJsYXp5JTIyJTIwcmVmZXJyZXJwb2xpY3klM0QlMjJuby1yZWZlcnJlci13aGVuLWRvd25ncmFkZSUyMiUzRSUzQyUyRmlmcmFtZSUzRQ==&#8221;][\/vc_column][\/vc_row]<\/p>","protected":false},"excerpt":{"rendered":"<p>[vc_row][vc_column][\/vc_column][\/vc_row][vc_row][vc_column][vc_empty_space height=&#8221;&#8221;][vc_row_inner equal_height=&#8221;yes&#8221;][vc_column_inner width=&#8221;1\/2&#8243;][vc_column_text css_animation=&#8221;bounceInLeft&#8221;] Bem-vindo ao Castro&#8217;s Inn, um neg\u00f3cio familiar onde o conforto e um ambiente acolhedor se unem. Oferecemos alojamentos espa\u00e7osos, projetados para grupos maiores, proporcionando o cen\u00e1rio perfeito para que todos fiquem juntos sob o mesmo teto. Orgulhamo-nos da nossa aten\u00e7\u00e3o ao detalhe e ao minimalismo, oferecendo uma estadia de qualidade [&hellip;]<\/p>\n","protected":false},"author":1,"featured_media":0,"parent":0,"menu_order":0,"comment_status":"closed","ping_status":"closed","template":"template\/template-homepage.php","meta":{"inline_featured_image":false,"_joinchat":[],"footnotes":""},"_links":{"self":[{"href":"https:\/\/castrosinn.com\/pt\/wp-json\/wp\/v2\/pages\/493"}],"collection":[{"href":"https:\/\/castrosinn.com\/pt\/wp-json\/wp\/v2\/pages"}],"about":[{"href":"https:\/\/castrosinn.com\/pt\/wp-json\/wp\/v2\/types\/page"}],"author":[{"embeddable":true,"href":"https:\/\/castrosinn.com\/pt\/wp-json\/wp\/v2\/users\/1"}],"replies":[{"embeddable":true,"href":"https:\/\/castrosinn.com\/pt\/wp-json\/wp\/v2\/comments?post=493"}],"version-history":[{"count":15,"href":"https:\/\/castrosinn.com\/pt\/wp-json\/wp\/v2\/pages\/493\/revisions"}],"predecessor-version":[{"id":2837,"href":"https:\/\/castrosinn.com\/pt\/wp-json\/wp\/v2\/pages\/493\/revisions\/2837"}],"wp:attachment":[{"href":"https:\/\/castrosinn.com\/pt\/wp-json\/wp\/v2\/media?parent=493"}],"curies":[{"name":"wp","href":"https:\/\/api.w.org\/{rel}","templated":true}]}}