{"id":3,"date":"2020-12-11T11:30:19","date_gmt":"2020-12-11T11:30:19","guid":{"rendered":"https:\/\/castrosinn.com\/?page_id=3"},"modified":"2024-08-19T09:06:40","modified_gmt":"2024-08-19T09:06:40","slug":"politica-privacidade","status":"publish","type":"page","link":"https:\/\/castrosinn.com\/pt\/politica-privacidade\/","title":{"rendered":"Pol\u00edtica de privacidade"},"content":{"rendered":"<p dir=\"ltr\">1. Coleta de Dados\u00a0<\/p>\r\n<p dir=\"ltr\">Coletamos todas as informa\u00e7\u00f5es pessoais que introduz no nosso site, incluindo,\u00a0 mas n\u00e3o se limitando a, nome, detalhes de contacto, informa\u00e7\u00f5es de pagamento,\u00a0 e quaisquer outras informa\u00e7\u00f5es fornecidas ao fazer uma reserva.\u00a0\u00a0<\/p>\r\n<p dir=\"ltr\">2. Finalidade da Coleta de Dados\u00a0<\/p>\r\n<p dir=\"ltr\">Coletamos os seus dados para os seguintes fins:\u00a0\u00a0<\/p>\r\n<p dir=\"ltr\">\uf0b7 Processar as suas reservas e fornecer os nossos servi\u00e7os.\u00a0\u00a0<\/p>\r\n<p dir=\"ltr\">\uf0b7 Melhorar os nossos servi\u00e7os e adaptar as nossas ofertas \u00e0s suas\u00a0 necessidades.\u00a0\u00a0<\/p>\r\n<p dir=\"ltr\">3. Partilha de Dados\u00a0<\/p>\r\n<p dir=\"ltr\">Podemos partilhar os seus dados pessoais com terceiros, quando necess\u00e1rio,\u00a0 como por exemplo:\u00a0\u00a0<\/p>\r\n<p dir=\"ltr\">\uf0b7 Processadores de pagamento, para gerir as suas transa\u00e7\u00f5es.\u00a0\u00a0<\/p>\r\n<p dir=\"ltr\">\uf0b7 Servi\u00e7os de marketing, para nos ajudar a comunicar de forma eficaz\u00a0 consigo.\u00a0\u00a0<\/p>\r\n<p dir=\"ltr\">4. Cookies\u00a0<\/p>\r\n<p dir=\"ltr\">Sim, o nosso site utiliza cookies para melhorar a sua experi\u00eancia de navega\u00e7\u00e3o.\u00a0 Estes cookies ajudam-nos a entender como utiliza o nosso site, personalizar o\u00a0 conte\u00fado e fornecer uma experi\u00eancia mais adaptada. Ao utilizar o nosso site,\u00a0 consente a utiliza\u00e7\u00e3o de cookies.\u00a0\u00a0<\/p>\r\n<p dir=\"ltr\">5. Seguran\u00e7a dos Dados\u00a0<\/p>\r\n<p dir=\"ltr\">Implementamos medidas de seguran\u00e7a razo\u00e1veis para proteger os seus dados\u00a0 pessoais. Isto inclui a encripta\u00e7\u00e3o de informa\u00e7\u00f5es sens\u00edveis e a monitoriza\u00e7\u00e3o\u00a0 regular dos nossos sistemas para evitar acessos n\u00e3o autorizados. Apesar dos\u00a0 nossos esfor\u00e7os, nenhum m\u00e9todo de transmiss\u00e3o pela internet \u00e9 100% seguro, e\u00a0 n\u00e3o podemos garantir seguran\u00e7a absoluta.\u00a0\u00a0<\/p>\r\n<p dir=\"ltr\">6. Reten\u00e7\u00e3o de Dados\u00a0<\/p>\r\n<p dir=\"ltr\">Mantemos os seus dados pessoais indefinidamente. Isto permite-nos manter\u00a0 registos para fins legais, contabil\u00edsticos e operacionais.\u00a0\u00a0<\/p>\r\n<p dir=\"ltr\">7. Direitos dos Utilizadores<\/p>\r\n<p dir=\"ltr\">Atualmente, n\u00e3o oferecemos a possibilidade de os utilizadores acederem,\u00a0 corrigirem ou eliminarem os seus dados pessoais. Da mesma forma, n\u00e3o\u00a0 fornecemos uma op\u00e7\u00e3o de exclus\u00e3o para certas atividades de processamento de\u00a0 dados.\u00a0\u00a0<\/p>\r\n<p dir=\"ltr\">8. Privacidade de Menores\u00a0<\/p>\r\n<p dir=\"ltr\">N\u00e3o recolhemos intencionalmente informa\u00e7\u00f5es pessoais de menores. Se\u00a0 descobrirmos que recolhemos inadvertidamente tais informa\u00e7\u00f5es, tomaremos\u00a0 medidas para as eliminar.\u00a0\u00a0<\/p>\r\n<p dir=\"ltr\">9. Atualiza\u00e7\u00f5es \u00e0 Pol\u00edtica de Privacidade\u00a0<\/p>\r\n<p dir=\"ltr\">Podemos atualizar esta Pol\u00edtica de Privacidade periodicamente. Se tiver uma\u00a0 reserva j\u00e1 efetuada, ser\u00e1 notificado de quaisquer altera\u00e7\u00f5es por email.\u00a0\u00a0<\/p>\r\n<p dir=\"ltr\">10. Informa\u00e7\u00e3o de Contacto\u00a0<\/p>\r\n<p dir=\"ltr\">Para qualquer quest\u00e3o relacionada com a privacidade, por favor, contacte-nos\u00a0 utilizando as informa\u00e7\u00f5es fornecidas nos Termos e Condi\u00e7\u00f5es:\u00a0\u00a0<\/p>\r\n<p dir=\"ltr\">\uf0b7 Telefone: (+351) 21 445 6439\u00a0\u00a0<\/p>\r\n<p dir=\"ltr\">\uf0b7 Telem\u00f3vel: (+351) 929 064 016\u00a0\u00a0<\/p>\r\n<p>\uf0b7 Email: moncao@castrosinn.com<\/p>","protected":false},"excerpt":{"rendered":"<p>1. Coleta de Dados\u00a0 Coletamos todas as informa\u00e7\u00f5es pessoais que introduz no nosso site, incluindo,\u00a0 mas n\u00e3o se limitando a, nome, detalhes de contacto, informa\u00e7\u00f5es de pagamento,\u00a0 e quaisquer outras informa\u00e7\u00f5es fornecidas ao fazer uma reserva.\u00a0\u00a0 2. Finalidade da Coleta de Dados\u00a0 Coletamos os seus dados para os seguintes fins:\u00a0\u00a0 \uf0b7 Processar as suas reservas [&hellip;]<\/p>\n","protected":false},"author":1,"featured_media":0,"parent":0,"menu_order":0,"comment_status":"closed","ping_status":"open","template":"","meta":{"inline_featured_image":false,"_joinchat":[],"footnotes":""},"_links":{"self":[{"href":"https:\/\/castrosinn.com\/pt\/wp-json\/wp\/v2\/pages\/3"}],"collection":[{"href":"https:\/\/castrosinn.com\/pt\/wp-json\/wp\/v2\/pages"}],"about":[{"href":"https:\/\/castrosinn.com\/pt\/wp-json\/wp\/v2\/types\/page"}],"author":[{"embeddable":true,"href":"https:\/\/castrosinn.com\/pt\/wp-json\/wp\/v2\/users\/1"}],"replies":[{"embeddable":true,"href":"https:\/\/castrosinn.com\/pt\/wp-json\/wp\/v2\/comments?post=3"}],"version-history":[{"count":3,"href":"https:\/\/castrosinn.com\/pt\/wp-json\/wp\/v2\/pages\/3\/revisions"}],"predecessor-version":[{"id":2827,"href":"https:\/\/castrosinn.com\/pt\/wp-json\/wp\/v2\/pages\/3\/revisions\/2827"}],"wp:attachment":[{"href":"https:\/\/castrosinn.com\/pt\/wp-json\/wp\/v2\/media?parent=3"}],"curies":[{"name":"wp","href":"https:\/\/api.w.org\/{rel}","templated":true}]}}