{"id":2302,"date":"2021-02-10T16:06:46","date_gmt":"2021-02-10T16:06:46","guid":{"rendered":"https:\/\/castrosinn.com\/?page_id=2302"},"modified":"2024-08-19T09:07:31","modified_gmt":"2024-08-19T09:07:31","slug":"terms-and-conditions","status":"publish","type":"page","link":"https:\/\/castrosinn.com\/pt\/terms-and-conditions\/","title":{"rendered":"Termos e condi\u00e7\u00f5es"},"content":{"rendered":"<p dir=\"ltr\">1. Informa\u00e7\u00f5es Gerais\u00a0<\/p>\r\n<p dir=\"ltr\">\uf0b7 Nome da Empresa: Fernando Manuel Martins de Castro Sociedade\u00a0 Unipessoal Lda.\u00a0\u00a0<\/p>\r\n<p dir=\"ltr\">\uf0b7 Telefone: (+351) 21 445 6439\u00a0\u00a0<\/p>\r\n<p dir=\"ltr\">\uf0b7 Telem\u00f3vel: (+351) 929 064 016\u00a0\u00a0<\/p>\r\n<p dir=\"ltr\">\uf0b7 Email: moncao@castrosinn.com\u00a0\u00a0<\/p>\r\n<p dir=\"ltr\">Estes Termos e Condi\u00e7\u00f5es regem a utiliza\u00e7\u00e3o dos servi\u00e7os fornecidos pelo\u00a0 Castro&#8217;s Inn. Ao fazer uma reserva ou utilizar os nossos servi\u00e7os, concorda com\u00a0 estes termos.\u00a0\u00a0<\/p>\r\n<p dir=\"ltr\">2. Servi\u00e7os Prestados\u00a0<\/p>\r\n<p dir=\"ltr\">Oferecemos os seguintes servi\u00e7os:\u00a0\u00a0<\/p>\r\n<p dir=\"ltr\">\uf0b7 Reservas\u00a0\u00a0<\/p>\r\n<p dir=\"ltr\">\uf0b7 Alojamento\u00a0\u00a0<\/p>\r\n<p dir=\"ltr\">\uf0b7 Servi\u00e7os de limpeza\u00a0\u00a0<\/p>\r\n<p dir=\"ltr\">3. Termos de Reserva e Pagamento\u00a0<\/p>\r\n<p dir=\"ltr\">As reservas podem ser feitas atrav\u00e9s do nosso site. Aceitamos pagamentos por\u00a0 transfer\u00eancia banc\u00e1ria, pagamento banc\u00e1rio ou cart\u00e3o de cr\u00e9dito\/d\u00e9bito. Ap\u00f3s a\u00a0 confirma\u00e7\u00e3o de uma reserva, n\u00e3o \u00e9 poss\u00edvel o cancelamento. No entanto,\u00a0 poderemos, a nosso crit\u00e9rio, permitir o cancelamento pr\u00e9vio e\/ou reembolso, se\u00a0 considerarmos que existe uma raz\u00e3o apropriada. A decis\u00e3o final sobre reembolsos\u00a0 e cancelamentos pertence exclusivamente ao Castro&#8217;s Inn.\u00a0\u00a0<\/p>\r\n<p dir=\"ltr\">4. Pol\u00edticas de Check-In\/Check-Out\u00a0<\/p>\r\n<p dir=\"ltr\">Os hor\u00e1rios de check-in e check-out s\u00e3o flex\u00edveis. Por favor, comunique-nos\u00a0 antecipadamente os seus hor\u00e1rios previstos de chegada e partida, e faremos o\u00a0 nosso melhor para acomodar as suas necessidades.\u00a0\u00a0<\/p>\r\n<p dir=\"ltr\">5. Regras da Casa\u00a0<\/p>\r\n<p dir=\"ltr\">\uf0b7 Proibido Fumar: \u00c9 estritamente proibido fumar dentro das instala\u00e7\u00f5es.\u00a0\u00a0<\/p>\r\n<p dir=\"ltr\">\uf0b7 Proibido Animais de Estima\u00e7\u00e3o: Animais de estima\u00e7\u00e3o n\u00e3o s\u00e3o\u00a0 permitidos.\u00a0<\/p>\r\n<p dir=\"ltr\">\uf0b7 Hor\u00e1rio de Sil\u00eancio: Por favor, respeite o hor\u00e1rio de sil\u00eancio das 23:00 \u00e0s\u00a0 07:00.\u00a0\u00a0<\/p>\r\n<p dir=\"ltr\">\uf0b7 Sem Danos: Os h\u00f3spedes s\u00e3o respons\u00e1veis por quaisquer danos\u00a0 causados durante a sua estadia. Ser\u00e3o aplicadas taxas correspondentes.\u00a0\u00a0<\/p>\r\n<p dir=\"ltr\">\uf0b7 Ocupa\u00e7\u00e3o: O n\u00famero de h\u00f3spedes deve corresponder ao n\u00famero de\u00a0 pessoas que fizeram check-in.\u00a0\u00a0<\/p>\r\n<p dir=\"ltr\">\uf0b7 Estacionamento: N\u00e3o \u00e9 permitido estacionar na entrada comum. No\u00a0 espa\u00e7o de estacionamento da casa apenas \u00e9 permitido estacionar 1\u00a0 autom\u00f3vel ligeiro.\u00a0\u00a0<\/p>\r\n<p dir=\"ltr\">6. Responsabilidade\u00a0<\/p>\r\n<p dir=\"ltr\">Os h\u00f3spedes ser\u00e3o responsabilizados por quaisquer danos causados durante a\u00a0 sua estadia. Qualquer roubo ou atividade ilegal resultar\u00e1 em consequ\u00eancias\u00a0 legais. N\u00e3o nos responsabilizamos por roubos, furtos ou danos em viaturas ou\u00a0 outros pertences dos h\u00f3spedes ou doutros terceiros.\u00a0\u00a0<\/p>\r\n<p dir=\"ltr\">7. Modifica\u00e7\u00f5es aos Termos\u00a0<\/p>\r\n<p dir=\"ltr\">Reservamo-nos o direito de modificar estes Termos e Condi\u00e7\u00f5es a qualquer\u00a0 momento. Se tiver uma reserva j\u00e1 efetuada, ser\u00e1 notificado de quaisquer\u00a0 altera\u00e7\u00f5es por email.\u00a0\u00a0<\/p>\r\n<p dir=\"ltr\">8. Lei Aplic\u00e1vel\u00a0<\/p>\r\n<p dir=\"ltr\">Estes termos s\u00e3o regidos pelas leis de Portugal. Qualquer disputa ser\u00e1 resolvida\u00a0 sob a jurisdi\u00e7\u00e3o portuguesa. Para qualquer lit\u00edgio emergente \u00e9 escolhido o foro da\u00a0 Comarca de Cascais, com ren\u00fancia expressa de qualquer outro.<\/p>","protected":false},"excerpt":{"rendered":"<p>1. Informa\u00e7\u00f5es Gerais\u00a0 \uf0b7 Nome da Empresa: Fernando Manuel Martins de Castro Sociedade\u00a0 Unipessoal Lda.\u00a0\u00a0 \uf0b7 Telefone: (+351) 21 445 6439\u00a0\u00a0 \uf0b7 Telem\u00f3vel: (+351) 929 064 016\u00a0\u00a0 \uf0b7 Email: moncao@castrosinn.com\u00a0\u00a0 Estes Termos e Condi\u00e7\u00f5es regem a utiliza\u00e7\u00e3o dos servi\u00e7os fornecidos pelo\u00a0 Castro&#8217;s Inn. Ao fazer uma reserva ou utilizar os nossos servi\u00e7os, concorda com\u00a0 estes [&hellip;]<\/p>\n","protected":false},"author":1,"featured_media":0,"parent":0,"menu_order":0,"comment_status":"closed","ping_status":"open","template":"","meta":{"inline_featured_image":false,"_joinchat":[],"footnotes":""},"_links":{"self":[{"href":"https:\/\/castrosinn.com\/pt\/wp-json\/wp\/v2\/pages\/2302"}],"collection":[{"href":"https:\/\/castrosinn.com\/pt\/wp-json\/wp\/v2\/pages"}],"about":[{"href":"https:\/\/castrosinn.com\/pt\/wp-json\/wp\/v2\/types\/page"}],"author":[{"embeddable":true,"href":"https:\/\/castrosinn.com\/pt\/wp-json\/wp\/v2\/users\/1"}],"replies":[{"embeddable":true,"href":"https:\/\/castrosinn.com\/pt\/wp-json\/wp\/v2\/comments?post=2302"}],"version-history":[{"count":2,"href":"https:\/\/castrosinn.com\/pt\/wp-json\/wp\/v2\/pages\/2302\/revisions"}],"predecessor-version":[{"id":2828,"href":"https:\/\/castrosinn.com\/pt\/wp-json\/wp\/v2\/pages\/2302\/revisions\/2828"}],"wp:attachment":[{"href":"https:\/\/castrosinn.com\/pt\/wp-json\/wp\/v2\/media?parent=2302"}],"curies":[{"name":"wp","href":"https:\/\/api.w.org\/{rel}","templated":true}]}}