{"id":1292,"date":"2018-10-25T15:26:09","date_gmt":"2018-10-25T15:26:09","guid":{"rendered":"http:\/\/wordpress-89239-751427.cloudwaysapps.com\/?page_id=1292"},"modified":"2024-08-19T12:35:20","modified_gmt":"2024-08-19T12:35:20","slug":"about","status":"publish","type":"page","link":"https:\/\/castrosinn.com\/pt\/about\/","title":{"rendered":"Sobre"},"content":{"rendered":"<p>[vc_row css=&#8221;.vc_custom_1540484653733{margin-bottom: 30px !important;padding-right: 30px !important;padding-left: 30px !important;background-color: #ffffff !important;}&#8221;][vc_column][vc_row_inner][vc_column_inner][vc_column_text]<\/p>\n<p class=\"p1\"><span dir=\"ltr\" role=\"presentation\">Bem-vindo ao Castro&#8217;s Inn, onde o conforto, luxo e um ambiente acolhedor se <\/span><span dir=\"ltr\" role=\"presentation\">unem. Como um neg\u00f3cio familiar, estamos dedicados a oferecer aos nossos <\/span><span dir=\"ltr\" role=\"presentation\">h\u00f3spedes uma experi\u00eancia \u00fanica que combina a familiaridade e o calor de um\u00a0 <\/span><span dir=\"ltr\" role=\"presentation\">Alojamento Local com o profissionalismo e a eleg\u00e2ncia de um hotel. O nosso <\/span><span dir=\"ltr\" role=\"presentation\">compromisso com o detalhe garante que cada estadia connosco n\u00e3o seja apenas <\/span><span dir=\"ltr\" role=\"presentation\">uma visita, mas sim uma mem\u00f3ria preciosa.<\/span><\/p>\n<p>[\/vc_column_text][\/vc_column_inner][\/vc_row_inner][\/vc_column][\/vc_row][vc_row css=&#8221;.vc_custom_1540484815791{margin-bottom: 30px !important;padding-right: 30px !important;padding-left: 30px !important;background-color: #ffffff !important;}&#8221;][vc_column]<div style=\"clear:both; width:100%; height:20px\"><\/div>[vc_row_inner equal_height=&#8221;yes&#8221;][vc_column_inner width=&#8221;1\/3&#8243;]\t\t<div class=\"item-promo\">\r\n\t\t\t<div class=\"media\">\r\n\t\t\t\t\t\t\t\t<div class=\"item-promo-image\">\r\n\t\t\t\t\t<div class=\"item-media item-media-thumb\">\r\n\t\t\t\t\t\t<a href=\"\">\r\n\t\t\t\t\t\t\t\t\t\t\t\t\t<\/a>\r\n\t\t\t\t\t<\/div>\r\n\t\t\t\t<\/div>\r\n\t\t\t\t\t\t\t\t<div class=\"media-body item-body\">\r\n\t\t\t\t\t<div class=\"item-title-head\">\r\n\t\t\t\t\t\t<div class=\"text-left\">\r\n\t\t\t\t\t\t\t<h2 class=\"title\">\r\n\t\t\t\t\t\t\t\t<a href=\"\">A nossa Hist\u00f3ria<\/a>\r\n\t\t\t\t\t\t\t<\/h2>\r\n\t\t\t\t\t\t\t<\/p>\n<div class=\"elementor-column elementor-col-33 elementor-inner-column elementor-element elementor-element-7742097\" data-id=\"7742097\" data-element_type=\"column\">\n<div class=\"elementor-column-wrap elementor-element-populated\">\n<div class=\"elementor-widget-wrap\">\n<div class=\"elementor-element elementor-element-fdcf6f3 elementor-widget elementor-widget-text-editor\" data-id=\"fdcf6f3\" data-element_type=\"widget\" data-widget_type=\"text-editor.default\">\n<div class=\"elementor-widget-container\">\n<div class=\"elementor-text-editor elementor-clearfix\">\n<p><span dir=\"ltr\" role=\"presentation\">O nosso percurso come\u00e7ou com uma ideia simples, mas profunda: criar um <\/span><span dir=\"ltr\" role=\"presentation\">espa\u00e7o onde os h\u00f3spedes possam experimentar a alegria de ficar num ambiente <\/span><span dir=\"ltr\" role=\"presentation\">luxuoso e acolhedor, sem a impessoalidade dos hot\u00e9is tradicionais. Os nossos <\/span><span dir=\"ltr\" role=\"presentation\">alojamentos s\u00e3o projetados para atender a grupos maiores, oferecendo um <\/span><span dir=\"ltr\" role=\"presentation\">cen\u00e1rio perfeito para amigos, fam\u00edlias ou colegas ficarem juntos sob o mesmo <\/span><span dir=\"ltr\" role=\"presentation\">teto.<\/span><br role=\"presentation\" \/><span dir=\"ltr\" role=\"presentation\">Embora Mon\u00e7\u00e3o seja atualmente a nossa \u00fanica localiza\u00e7\u00e3o, a nossa vis\u00e3o \u00e9 <\/span><span dir=\"ltr\" role=\"presentation\">expansiva. Se este percurso for frut\u00edfero, planeamos levar a nossa\u00a0 hospitalidade <\/span><span dir=\"ltr\" role=\"presentation\">\u00fanica para outros destinos bel\u00edssimos. Por enquanto, Mon\u00e7\u00e3o \u00e9 o nosso lar, e <\/span><span dir=\"ltr\" role=\"presentation\">estamos entusiasmados em compartilh\u00e1-lo consigo.\u00a0<\/span><\/p>\n<\/div>\n<\/div>\n<\/div>\n<\/div>\n<\/div>\n<\/div>\n<p>\t\t\t\t\t\t<\/div>\r\n\t\t\t\t\t<\/div>\r\n\t\t\t\t\t\t\t\t\t<\/div>\r\n\t\t\t<\/div>\r\n\t\t<\/div>\r\n\r\n\t\t[\/vc_column_inner][vc_column_inner width=&#8221;1\/3&#8243;]\t\t<div class=\"item-promo\">\r\n\t\t\t<div class=\"media\">\r\n\t\t\t\t\t\t\t\t<div class=\"item-promo-image\">\r\n\t\t\t\t\t<div class=\"item-media item-media-thumb\">\r\n\t\t\t\t\t\t<a href=\"\">\r\n\t\t\t\t\t\t\t\t\t\t\t\t\t<\/a>\r\n\t\t\t\t\t<\/div>\r\n\t\t\t\t<\/div>\r\n\t\t\t\t\t\t\t\t<div class=\"media-body item-body\">\r\n\t\t\t\t\t<div class=\"item-title-head\">\r\n\t\t\t\t\t\t<div class=\"text-left\">\r\n\t\t\t\t\t\t\t<h2 class=\"title\">\r\n\t\t\t\t\t\t\t\t<a href=\"\">Os nossos Alojamentos<\/a>\r\n\t\t\t\t\t\t\t<\/h2>\r\n\t\t\t\t\t\t\t<\/p>\n<div class=\"elementor-column elementor-col-33 elementor-inner-column elementor-element elementor-element-7742097\" data-id=\"7742097\" data-element_type=\"column\">\n<div class=\"elementor-column-wrap elementor-element-populated\">\n<div class=\"elementor-widget-wrap\">\n<div class=\"elementor-element elementor-element-fdcf6f3 elementor-widget elementor-widget-text-editor\" data-id=\"fdcf6f3\" data-element_type=\"widget\" data-widget_type=\"text-editor.default\">\n<div class=\"elementor-widget-container\">\n<div class=\"elementor-text-editor elementor-clearfix\">\n<p><span dir=\"ltr\" role=\"presentation\">No Castro&#8217;s Inn, especializamo-nos em oferecer casas espa\u00e7osas, perfeitas para <\/span><span dir=\"ltr\" role=\"presentation\">grupos que desejam ficar juntos. Cada casa \u00e9 meticulosamente projetada para <\/span><span dir=\"ltr\" role=\"presentation\">proporcionar o conforto e a privacidade de um lar, com os toques de luxo que <\/span><span dir=\"ltr\" role=\"presentation\">tornam a estadia inesquec\u00edvel. Se procura um espa\u00e7o para uma reuni\u00e3o de <\/span><span dir=\"ltr\" role=\"presentation\">fam\u00edlia, f\u00e9rias em grupo ou simplesmente uma escapadinha com amigos, os <\/span><span dir=\"ltr\" role=\"presentation\">nossos alojamentos oferecem a combina\u00e7\u00e3o perfeita de espa\u00e7o, conforto e estilo.\u00a0<\/span><\/p>\n<\/div>\n<\/div>\n<\/div>\n<\/div>\n<\/div>\n<\/div>\n<p>\t\t\t\t\t\t<\/div>\r\n\t\t\t\t\t<\/div>\r\n\t\t\t\t\t\t\t\t\t<\/div>\r\n\t\t\t<\/div>\r\n\t\t<\/div>\r\n\r\n\t\t[\/vc_column_inner][vc_column_inner width=&#8221;1\/3&#8243;]\t\t<div class=\"item-promo\">\r\n\t\t\t<div class=\"media\">\r\n\t\t\t\t\t\t\t\t<div class=\"item-promo-image\">\r\n\t\t\t\t\t<div class=\"item-media item-media-thumb\">\r\n\t\t\t\t\t\t<a href=\"\">\r\n\t\t\t\t\t\t\t\t\t\t\t\t\t<\/a>\r\n\t\t\t\t\t<\/div>\r\n\t\t\t\t<\/div>\r\n\t\t\t\t\t\t\t\t<div class=\"media-body item-body\">\r\n\t\t\t\t\t<div class=\"item-title-head\">\r\n\t\t\t\t\t\t<div class=\"text-left\">\r\n\t\t\t\t\t\t\t<h2 class=\"title\">\r\n\t\t\t\t\t\t\t\t<a href=\"\">Porqu\u00ea escolher-nos?<\/a>\r\n\t\t\t\t\t\t\t<\/h2>\r\n\t\t\t\t\t\t\t<\/p>\n<div class=\"elementor-column elementor-col-33 elementor-inner-column elementor-element elementor-element-7742097\" data-id=\"7742097\" data-element_type=\"column\">\n<div class=\"elementor-column-wrap elementor-element-populated\">\n<div class=\"elementor-widget-wrap\">\n<div class=\"elementor-element elementor-element-fdcf6f3 elementor-widget elementor-widget-text-editor\" data-id=\"fdcf6f3\" data-element_type=\"widget\" data-widget_type=\"text-editor.default\">\n<div class=\"elementor-widget-container\">\n<div class=\"elementor-text-editor elementor-clearfix\">\n<div class=\"page\" role=\"region\" data-page-number=\"2\" aria-label=\"Page 2\" data-loaded=\"true\">\n<div class=\"textLayer\"><span dir=\"ltr\" role=\"presentation\">Orgulhamo-nos de oferecer uma experi\u00eancia que \u00e9 ao mesmo tempo luxuosa e <\/span><span dir=\"ltr\" role=\"presentation\">acess\u00edvel. A nossa aten\u00e7\u00e3o aos detalhes garante que todos os aspectos da sua <\/span><span dir=\"ltr\" role=\"presentation\">estadia sejam considerados, desde a qualidade dos colch\u00f5es e t\u00eaxteis at\u00e9 \u00e0s <\/span><span dir=\"ltr\" role=\"presentation\">comodidades oferecidas. Acreditamos que o luxo n\u00e3o precisa de ser <\/span>acompanhado com um pre\u00e7o exorbitante, e o nosso objetivo \u00e9 proporcionar uma experi\u00eancia excecional de uma forma acess\u00edvel.<\/div>\n<\/div>\n<div class=\"page\" role=\"region\" data-page-number=\"3\" aria-label=\"Page 3\" data-loaded=\"true\">\n<div class=\"textLayer\"><span dir=\"ltr\" role=\"presentation\">O que realmente nos distingue \u00e9 a nossa abordagem \u00e0 hospitalidade. Sendo um <\/span><span dir=\"ltr\" role=\"presentation\">neg\u00f3cio familiar, podemos oferecer um n\u00edvel de cuidado e aten\u00e7\u00e3o que <\/span><span dir=\"ltr\" role=\"presentation\">estabelecimentos maiores e mais impessoais n\u00e3o conseguem igualar. Tratamos <\/span><span dir=\"ltr\" role=\"presentation\">cada h\u00f3spede como parte da nossa fam\u00edlia, garantindo que a sua estadia seja\u00a0 n\u00e3o <\/span><span dir=\"ltr\" role=\"presentation\">apenas confort\u00e1vel, mas verdadeiramente especial.<\/span><\/div>\n<\/div>\n<\/div>\n<\/div>\n<\/div>\n<\/div>\n<\/div>\n<\/div>\n<p>\t\t\t\t\t\t<\/div>\r\n\t\t\t\t\t<\/div>\r\n\t\t\t\t\t\t\t\t\t<\/div>\r\n\t\t\t<\/div>\r\n\t\t<\/div>\r\n\r\n\t\t[\/vc_column_inner][\/vc_row_inner][vc_row_inner equal_height=&#8221;yes&#8221;][vc_column_inner width=&#8221;1\/3&#8243;]\t\t<div class=\"item-promo\">\r\n\t\t\t<div class=\"media\">\r\n\t\t\t\t\t\t\t\t<div class=\"item-promo-image\">\r\n\t\t\t\t\t<div class=\"item-media item-media-thumb\">\r\n\t\t\t\t\t\t<a href=\"\">\r\n\t\t\t\t\t\t\t\t\t\t\t\t\t<\/a>\r\n\t\t\t\t\t<\/div>\r\n\t\t\t\t<\/div>\r\n\t\t\t\t\t\t\t\t<div class=\"media-body item-body\">\r\n\t\t\t\t\t<div class=\"item-title-head\">\r\n\t\t\t\t\t\t<div class=\"text-left\">\r\n\t\t\t\t\t\t\t<h2 class=\"title\">\r\n\t\t\t\t\t\t\t\t<a href=\"\">Os nossos H\u00f3spedes<\/a>\r\n\t\t\t\t\t\t\t<\/h2>\r\n\t\t\t\t\t\t\t<\/p>\n<div class=\"elementor-column elementor-col-33 elementor-inner-column elementor-element elementor-element-7742097\" data-id=\"7742097\" data-element_type=\"column\">\n<div class=\"elementor-column-wrap elementor-element-populated\">\n<div class=\"elementor-widget-wrap\">\n<div class=\"elementor-element elementor-element-fdcf6f3 elementor-widget elementor-widget-text-editor\" data-id=\"fdcf6f3\" data-element_type=\"widget\" data-widget_type=\"text-editor.default\">\n<div class=\"elementor-widget-container\">\n<div class=\"elementor-text-editor elementor-clearfix\">\n<p><span dir=\"ltr\" role=\"presentation\">Recebemos h\u00f3spedes de todos os perfis e orgulhamo-nos de criar um ambiente <\/span><span dir=\"ltr\" role=\"presentation\">inclusivo onde todos se sentem em casa. Seja voc\u00ea parte de um grande grupo\u00a0 ou <\/span><span dir=\"ltr\" role=\"presentation\">de um grupo menor em busca de um retiro tranquilo, temos o espa\u00e7o perfeito\u00a0 para <\/span><span dir=\"ltr\" role=\"presentation\">si. Os nossos alojamentos s\u00e3o projetados para ser flex\u00edveis, garantindo que grupos <\/span><span dir=\"ltr\" role=\"presentation\">de todos os tamanhos possam desfrutar de uma estadia memor\u00e1vel<\/span><\/p>\n<\/div>\n<\/div>\n<\/div>\n<\/div>\n<\/div>\n<\/div>\n<p>\t\t\t\t\t\t<\/div>\r\n\t\t\t\t\t<\/div>\r\n\t\t\t\t\t\t\t\t\t<\/div>\r\n\t\t\t<\/div>\r\n\t\t<\/div>\r\n\r\n\t\t[\/vc_column_inner][vc_column_inner width=&#8221;1\/3&#8243;]\t\t<div class=\"item-promo\">\r\n\t\t\t<div class=\"media\">\r\n\t\t\t\t\t\t\t\t<div class=\"item-promo-image\">\r\n\t\t\t\t\t<div class=\"item-media item-media-thumb\">\r\n\t\t\t\t\t\t<a href=\"\">\r\n\t\t\t\t\t\t\t\t\t\t\t\t\t<\/a>\r\n\t\t\t\t\t<\/div>\r\n\t\t\t\t<\/div>\r\n\t\t\t\t\t\t\t\t<div class=\"media-body item-body\">\r\n\t\t\t\t\t<div class=\"item-title-head\">\r\n\t\t\t\t\t\t<div class=\"text-left\">\r\n\t\t\t\t\t\t\t<h2 class=\"title\">\r\n\t\t\t\t\t\t\t\t<a href=\"\">Conhe\u00e7a a Equipa<\/a>\r\n\t\t\t\t\t\t\t<\/h2>\r\n\t\t\t\t\t\t\t<\/p>\n<div class=\"elementor-column elementor-col-33 elementor-inner-column elementor-element elementor-element-7742097\" data-id=\"7742097\" data-element_type=\"column\">\n<div class=\"elementor-column-wrap elementor-element-populated\">\n<div class=\"elementor-widget-wrap\">\n<div class=\"elementor-element elementor-element-fdcf6f3 elementor-widget elementor-widget-text-editor\" data-id=\"fdcf6f3\" data-element_type=\"widget\" data-widget_type=\"text-editor.default\">\n<div class=\"elementor-widget-container\">\n<div class=\"elementor-text-editor elementor-clearfix\">\n<p><span dir=\"ltr\" role=\"presentation\">Atr\u00e1s do Castro&#8217;s Inn est\u00e1 uma fam\u00edlia dedicada, apaixonada por hospitalidade. A <\/span><span dir=\"ltr\" role=\"presentation\">nossa equipa coesa trabalha incansavelmente para garantir que cada detalhe da <\/span><span dir=\"ltr\" role=\"presentation\">sua estadia seja perfeito. Acreditamos em ir al\u00e9m para os nossos h\u00f3spedes, <\/span><span dir=\"ltr\" role=\"presentation\">porque para n\u00f3s, voc\u00ea n\u00e3o \u00e9 apenas um cliente, voc\u00ea faz parte da nossa hist\u00f3ria.<\/span><\/p>\n<\/div>\n<\/div>\n<\/div>\n<\/div>\n<\/div>\n<\/div>\n<p>\t\t\t\t\t\t<\/div>\r\n\t\t\t\t\t<\/div>\r\n\t\t\t\t\t\t\t\t\t<\/div>\r\n\t\t\t<\/div>\r\n\t\t<\/div>\r\n\r\n\t\t[\/vc_column_inner][vc_column_inner width=&#8221;1\/3&#8243;]\t\t<div class=\"item-promo\">\r\n\t\t\t<div class=\"media\">\r\n\t\t\t\t\t\t\t\t<div class=\"item-promo-image\">\r\n\t\t\t\t\t<div class=\"item-media item-media-thumb\">\r\n\t\t\t\t\t\t<a href=\"\">\r\n\t\t\t\t\t\t\t\t\t\t\t\t\t<\/a>\r\n\t\t\t\t\t<\/div>\r\n\t\t\t\t<\/div>\r\n\t\t\t\t\t\t\t\t<div class=\"media-body item-body\">\r\n\t\t\t\t\t<div class=\"item-title-head\">\r\n\t\t\t\t\t\t<div class=\"text-left\">\r\n\t\t\t\t\t\t\t<h2 class=\"title\">\r\n\t\t\t\t\t\t\t\t<a href=\"\">A nossa Miss\u00e3o<\/a>\r\n\t\t\t\t\t\t\t<\/h2>\r\n\t\t\t\t\t\t\t<\/p>\n<div class=\"elementor-column elementor-col-33 elementor-inner-column elementor-element elementor-element-7742097\" data-id=\"7742097\" data-element_type=\"column\">\n<div class=\"elementor-column-wrap elementor-element-populated\">\n<div class=\"elementor-widget-wrap\">\n<div class=\"elementor-element elementor-element-fdcf6f3 elementor-widget elementor-widget-text-editor\" data-id=\"fdcf6f3\" data-element_type=\"widget\" data-widget_type=\"text-editor.default\">\n<div class=\"elementor-widget-container\">\n<div class=\"elementor-text-editor elementor-clearfix\">\n<p><span dir=\"ltr\" role=\"presentation\">Criar experi\u00eancias inesquec\u00edveis para os nossos h\u00f3spedes, oferecendo uma <\/span><span dir=\"ltr\" role=\"presentation\">oportunidade \u00fanica de conforto e servi\u00e7o personalizado num ambiente colhedor.<\/span><\/p>\n<\/div>\n<\/div>\n<\/div>\n<\/div>\n<\/div>\n<\/div>\n<p>\t\t\t\t\t\t<\/div>\r\n\t\t\t\t\t<\/div>\r\n\t\t\t\t\t\t\t\t\t<\/div>\r\n\t\t\t<\/div>\r\n\t\t<\/div>\r\n\r\n\t\t[\/vc_column_inner][\/vc_row_inner][\/vc_column][\/vc_row]<\/p>","protected":false},"excerpt":{"rendered":"<p>[vc_row css=&#8221;.vc_custom_1540484653733{margin-bottom: 30px !important;padding-right: 30px !important;padding-left: 30px !important;background-color: #ffffff !important;}&#8221;][vc_column][vc_row_inner][vc_column_inner][vc_column_text] Bem-vindo ao Castro&#8217;s Inn, onde o conforto, luxo e um ambiente acolhedor se unem. Como um neg\u00f3cio familiar, estamos dedicados a oferecer aos nossos h\u00f3spedes uma experi\u00eancia \u00fanica que combina a familiaridade e o calor de um\u00a0 Alojamento Local com o profissionalismo e a eleg\u00e2ncia [&hellip;]<\/p>\n","protected":false},"author":1,"featured_media":0,"parent":0,"menu_order":0,"comment_status":"closed","ping_status":"closed","template":"template\/template-homepage.php","meta":{"inline_featured_image":false,"_joinchat":[],"footnotes":""},"_links":{"self":[{"href":"https:\/\/castrosinn.com\/pt\/wp-json\/wp\/v2\/pages\/1292"}],"collection":[{"href":"https:\/\/castrosinn.com\/pt\/wp-json\/wp\/v2\/pages"}],"about":[{"href":"https:\/\/castrosinn.com\/pt\/wp-json\/wp\/v2\/types\/page"}],"author":[{"embeddable":true,"href":"https:\/\/castrosinn.com\/pt\/wp-json\/wp\/v2\/users\/1"}],"replies":[{"embeddable":true,"href":"https:\/\/castrosinn.com\/pt\/wp-json\/wp\/v2\/comments?post=1292"}],"version-history":[{"count":7,"href":"https:\/\/castrosinn.com\/pt\/wp-json\/wp\/v2\/pages\/1292\/revisions"}],"predecessor-version":[{"id":2838,"href":"https:\/\/castrosinn.com\/pt\/wp-json\/wp\/v2\/pages\/1292\/revisions\/2838"}],"wp:attachment":[{"href":"https:\/\/castrosinn.com\/pt\/wp-json\/wp\/v2\/media?parent=1292"}],"curies":[{"name":"wp","href":"https:\/\/api.w.org\/{rel}","templated":true}]}}